{"id":1268,"date":"2024-08-05T23:08:20","date_gmt":"2024-08-05T23:08:20","guid":{"rendered":"http:\/\/nickstroeger.com\/imprint\/"},"modified":"2025-08-14T21:59:35","modified_gmt":"2025-08-14T21:59:35","slug":"impressum","status":"publish","type":"page","link":"https:\/\/www.nickstroeger.com\/de\/impressum\/","title":{"rendered":"Impressum"},"content":{"rendered":"\t\t<div data-elementor-type=\"wp-page\" data-elementor-id=\"1268\" class=\"elementor elementor-1268 elementor-672\" data-elementor-post-type=\"page\">\n\t\t\t\t<div class=\"elementor-element elementor-element-9dcf163 e-flex e-con-boxed e-con e-parent\" data-id=\"9dcf163\" data-element_type=\"container\" data-e-type=\"container\">\n\t\t\t\t\t<div class=\"e-con-inner\">\n\t\t<div class=\"elementor-element elementor-element-ebc7253 e-con-full e-flex e-con e-child\" data-id=\"ebc7253\" data-element_type=\"container\" data-e-type=\"container\">\n\t\t\t\t<\/div>\n\t\t<div class=\"elementor-element elementor-element-d816af5 e-con-full e-flex e-con e-child\" data-id=\"d816af5\" data-element_type=\"container\" data-e-type=\"container\">\n\t\t\t\t<div class=\"elementor-element elementor-element-894086b elementor-widget elementor-widget-text-editor\" data-id=\"894086b\" data-element_type=\"widget\" data-e-type=\"widget\" data-widget_type=\"text-editor.default\">\n\t\t\t\t<div class=\"elementor-widget-container\">\n\t\t\t\t\t\t\t\t\t<h1>Impressum<\/h1><p>E-Mail: info(at)nickstroeger.com<\/p><p><strong>Haftung f\u00fcr Inhalte<\/strong><\/p><p>Die Inhalte dieser Seiten wurden mit gr\u00f6\u00dfter Sorgfalt erstellt. F\u00fcr die Richtigkeit, Vollst\u00e4ndigkeit und Aktualit\u00e4t der Inhalte kann jedoch keine Gew\u00e4hr \u00fcbernommen werden. Als Diensteanbieter ist diese Website gem\u00e4\u00df \u00a7 7 Abs.1 TMG f\u00fcr eigene Inhalte auf diesen Seiten nach den allgemeinen Gesetzen verantwortlich. Nach \u00a7\u00a7 8 bis 10 TMG ist diese Website als Diensteanbieter jedoch nicht verpflichtet, \u00fcbermittelte oder gespeicherte fremde Informationen zu \u00fcberwachen oder nach Umst\u00e4nden zu forschen, die auf eine rechtswidrige T\u00e4tigkeit hinweisen. Verpflichtungen zur Entfernung oder Sperrung der Nutzung von Informationen nach den allgemeinen Gesetzen bleiben hiervon unber\u00fchrt. Eine diesbez\u00fcgliche Haftung ist jedoch erst ab dem Zeitpunkt der Kenntnis einer konkreten Rechtsverletzung m\u00f6glich. Bei Bekanntwerden von entsprechenden Rechtsverletzungen werden diese Inhalte umgehend entfernt.<\/p><p><strong>Haftung f\u00fcr Links<\/strong><\/p><p>Diese Website enth\u00e4lt Links zu externen Websites Dritter, auf deren Inhalte kein Einfluss genommen werden kann. Daher kann f\u00fcr diese fremden Inhalte auch keine Haftung \u00fcbernommen werden. F\u00fcr die Inhalte der verlinkten Seiten ist stets der jeweilige Anbieter oder Betreiber der Seiten verantwortlich. Die verlinkten Seiten wurden zum Zeitpunkt der Verlinkung auf m\u00f6gliche Rechtsverst\u00f6\u00dfe \u00fcberpr\u00fcft. Rechtswidrige Inhalte waren zum Zeitpunkt der Verlinkung nicht erkennbar. Eine permanente inhaltliche Kontrolle der verlinkten Seiten ist jedoch ohne konkrete Anhaltspunkte einer Rechtsverletzung nicht zumutbar. Bei Bekanntwerden von Rechtsverletzungen werden derartige Links umgehend entfernt.<\/p><p><strong>Urheberrecht<\/strong><\/p><p>Die durch den Seitenbetreiber erstellten Inhalte und Werke auf diesen Seiten unterliegen dem deutschen Urheberrecht. Die Vervielf\u00e4ltigung, Bearbeitung, Verbreitung und jede Art der Verwertung au\u00dferhalb der Grenzen des Urheberrechts bed\u00fcrfen der schriftlichen Zustimmung des jeweiligen Autors bzw. Erstellers. Downloads und Kopien dieser Seite sind nur f\u00fcr den privaten, nicht kommerziellen Gebrauch gestattet. Soweit die Inhalte auf dieser Seite nicht vom Betreiber erstellt wurden, werden die Urheberrechte Dritter beachtet. Insbesondere werden Inhalte Dritter als solche gekennzeichnet. Solltet ihr trotzdem auf eine Urheberrechtsverletzung aufmerksam werden, bittet der Betreiber um einen entsprechenden Hinweis. Bei Bekanntwerden von Rechtsverletzungen werden derartige Inhalte umgehend entfernt.<\/p><p><strong>Datenschutz<\/strong><\/p><p>Die Nutzung dieser Website ist in der Regel ohne Angabe personenbezogener Daten m\u00f6glich. Soweit auf diesen Seiten personenbezogene Daten (beispielsweise Name, Anschrift oder E-Mail-Adressen) erhoben werden, erfolgt dies, soweit m\u00f6glich, stets auf freiwilliger Basis. Diese Daten werden ohne eure ausdr\u00fcckliche Zustimmung nicht an Dritte weitergegeben.<\/p><p>Es wird darauf hingewiesen, dass die Daten\u00fcbertragung im Internet (z.B. bei der Kommunikation per E-Mail) Sicherheitsl\u00fccken aufweisen kann. Ein l\u00fcckenloser Schutz der Daten vor dem Zugriff durch Dritte ist nicht m\u00f6glich.<\/p><p>Der Verwendung von im Rahmen der Impressumspflicht ver\u00f6ffentlichten Kontaktdaten durch Dritte zur \u00dcbersendung von nicht ausdr\u00fccklich angeforderter Werbung und Informationsmaterialien wird hiermit ausdr\u00fccklich widersprochen. Der Seitenbetreiber beh\u00e4lt sich ausdr\u00fccklich rechtliche Schritte im Falle der unverlangten Zusendung von Werbeinformationen, etwa durch Spam-E-Mails, vor.<\/p><p><strong>Google Analytics<\/strong><\/p><p>Diese Website benutzt Google Analytics, einen Webanalysedienst der Google Inc. (&#8222;Google&#8220;). Google Analytics verwendet sogenannte &#8222;Cookies&#8220;, Textdateien, die auf eurem Computer gespeichert werden und die eine Analyse der Benutzung der Website durch euch erm\u00f6glichen. Die durch den Cookie erzeugten Informationen \u00fcber eure Benutzung dieser Website (einschlie\u00dflich eurer IP-Adresse) wird an einen Server von Google in den USA \u00fcbertragen und dort gespeichert. Google wird diese Informationen benutzen, um eure Nutzung der Website auszuwerten, um Reports \u00fcber die Website-Aktivit\u00e4ten f\u00fcr den Website-Betreiber zusammenzustellen und um weitere mit der Website-Nutzung und der Internetnutzung verbundene Dienstleistungen zu erbringen. Auch wird Google diese Informationen gegebenenfalls an Dritte \u00fcbertragen, sofern dies gesetzlich vorgeschrieben ist oder soweit Dritte diese Daten im Auftrag von Google verarbeiten. Google wird in keinem Fall eure IP-Adresse mit anderen Daten von Google in Verbindung bringen. Ihr k\u00f6nnt die Installation der Cookies durch eine entsprechende Einstellung eurer Browser-Software verhindern; wir weisen jedoch darauf hin, dass ihr in diesem Fall gegebenenfalls nicht s\u00e4mtliche Funktionen dieser Website vollumf\u00e4nglich nutzen k\u00f6nnt. Durch die Nutzung dieser Website erkl\u00e4rt ihr euch mit der Bearbeitung der \u00fcber euch erhobenen Daten durch Google in der zuvor beschriebenen Art und Weise und zu dem zuvor benannten Zweck einverstanden.<\/p>\t\t\t\t\t\t\t\t<\/div>\n\t\t\t\t<\/div>\n\t\t\t\t<\/div>\n\t\t<div class=\"elementor-element elementor-element-a58f212 e-con-full e-flex e-con e-child\" data-id=\"a58f212\" data-element_type=\"container\" data-e-type=\"container\">\n\t\t\t\t<\/div>\n\t\t\t\t\t<\/div>\n\t\t\t\t<\/div>\n\t\t\t\t<\/div>\n\t\t","protected":false},"excerpt":{"rendered":"<p>Impressum E-Mail: info(at)nickstroeger.com Haftung f\u00fcr Inhalte Die Inhalte dieser Seiten wurden mit gr\u00f6\u00dfter Sorgfalt erstellt. F\u00fcr die Richtigkeit, Vollst\u00e4ndigkeit und Aktualit\u00e4t der Inhalte kann jedoch keine Gew\u00e4hr \u00fcbernommen werden. Als Diensteanbieter ist diese Website gem\u00e4\u00df \u00a7 7 Abs.1 TMG f\u00fcr eigene Inhalte auf diesen Seiten nach den allgemeinen Gesetzen verantwortlich. Nach \u00a7\u00a7 8 bis 10 [&hellip;]<\/p>\n","protected":false},"author":2,"featured_media":0,"parent":0,"menu_order":0,"comment_status":"closed","ping_status":"closed","template":"","meta":{"footnotes":""},"class_list":["post-1268","page","type-page","status-publish","hentry"],"yoast_head":"<!-- This site is optimized with the Yoast SEO plugin v26.7 - https:\/\/yoast.com\/wordpress\/plugins\/seo\/ -->\n<title>Imprint | Nick Str\u00f8ger<\/title>\n<meta name=\"description\" content=\"Legal information and company details for my independent SEO consultant services. Transparency and trust at the core of my services.\" \/>\n<meta name=\"robots\" content=\"index, follow, max-snippet:-1, max-image-preview:large, max-video-preview:-1\" \/>\n<link rel=\"canonical\" href=\"https:\/\/www.nickstroeger.com\/de\/impressum\/\" \/>\n<meta property=\"og:locale\" content=\"de_DE\" \/>\n<meta property=\"og:type\" content=\"article\" \/>\n<meta property=\"og:title\" content=\"Imprint | Nick Str\u00f8ger\" \/>\n<meta property=\"og:description\" content=\"Legal information and company details for my independent SEO consultant services. Transparency and trust at the core of my services.\" \/>\n<meta property=\"og:url\" content=\"https:\/\/www.nickstroeger.com\/de\/impressum\/\" \/>\n<meta property=\"og:site_name\" content=\"Nick Str\u00f8ger\" \/>\n<meta property=\"article:modified_time\" content=\"2025-08-14T21:59:35+00:00\" \/>\n<meta name=\"twitter:card\" content=\"summary_large_image\" \/>\n<meta name=\"twitter:label1\" content=\"Gesch\u00e4tzte Lesezeit\" \/>\n\t<meta name=\"twitter:data1\" content=\"4\u00a0Minuten\" \/>\n<script type=\"application\/ld+json\" class=\"yoast-schema-graph\">{\"@context\":\"https:\/\/schema.org\",\"@graph\":[{\"@type\":\"WebPage\",\"@id\":\"https:\/\/www.nickstroeger.com\/de\/impressum\/\",\"url\":\"https:\/\/www.nickstroeger.com\/de\/impressum\/\",\"name\":\"Imprint | Nick Str\u00f8ger\",\"isPartOf\":{\"@id\":\"https:\/\/www.nickstroeger.com\/de\/#website\"},\"datePublished\":\"2024-08-05T23:08:20+00:00\",\"dateModified\":\"2025-08-14T21:59:35+00:00\",\"description\":\"Legal information and company details for my independent SEO consultant services. Transparency and trust at the core of my services.\",\"breadcrumb\":{\"@id\":\"https:\/\/www.nickstroeger.com\/de\/impressum\/#breadcrumb\"},\"inLanguage\":\"de\",\"potentialAction\":[{\"@type\":\"ReadAction\",\"target\":[\"https:\/\/www.nickstroeger.com\/de\/impressum\/\"]}]},{\"@type\":\"BreadcrumbList\",\"@id\":\"https:\/\/www.nickstroeger.com\/de\/impressum\/#breadcrumb\",\"itemListElement\":[{\"@type\":\"ListItem\",\"position\":1,\"name\":\"Home\",\"item\":\"https:\/\/www.nickstroeger.com\/de\/\"},{\"@type\":\"ListItem\",\"position\":2,\"name\":\"Impressum\"}]},{\"@type\":\"WebSite\",\"@id\":\"https:\/\/www.nickstroeger.com\/de\/#website\",\"url\":\"https:\/\/www.nickstroeger.com\/de\/\",\"name\":\"Nick Str\u00f8ger\",\"description\":\"\",\"publisher\":{\"@id\":\"https:\/\/www.nickstroeger.com\/de\/#organization\"},\"potentialAction\":[{\"@type\":\"SearchAction\",\"target\":{\"@type\":\"EntryPoint\",\"urlTemplate\":\"https:\/\/www.nickstroeger.com\/de\/?s={search_term_string}\"},\"query-input\":{\"@type\":\"PropertyValueSpecification\",\"valueRequired\":true,\"valueName\":\"search_term_string\"}}],\"inLanguage\":\"de\"},{\"@type\":\"Organization\",\"@id\":\"https:\/\/www.nickstroeger.com\/de\/#organization\",\"name\":\"Nick Str\u00f8ger\",\"url\":\"https:\/\/www.nickstroeger.com\/de\/\",\"logo\":{\"@type\":\"ImageObject\",\"inLanguage\":\"de\",\"@id\":\"https:\/\/www.nickstroeger.com\/de\/#\/schema\/logo\/image\/\",\"url\":\"https:\/\/www.nickstroeger.com\/wp-content\/uploads\/2024\/08\/cropped-nickstroeger-logo.png\",\"contentUrl\":\"https:\/\/www.nickstroeger.com\/wp-content\/uploads\/2024\/08\/cropped-nickstroeger-logo.png\",\"width\":512,\"height\":512,\"caption\":\"Nick Str\u00f8ger\"},\"image\":{\"@id\":\"https:\/\/www.nickstroeger.com\/de\/#\/schema\/logo\/image\/\"}}]}<\/script>\n<!-- \/ Yoast SEO plugin. -->","yoast_head_json":{"title":"Imprint | Nick Str\u00f8ger","description":"Legal information and company details for my independent SEO consultant services. Transparency and trust at the core of my services.","robots":{"index":"index","follow":"follow","max-snippet":"max-snippet:-1","max-image-preview":"max-image-preview:large","max-video-preview":"max-video-preview:-1"},"canonical":"https:\/\/www.nickstroeger.com\/de\/impressum\/","og_locale":"de_DE","og_type":"article","og_title":"Imprint | Nick Str\u00f8ger","og_description":"Legal information and company details for my independent SEO consultant services. Transparency and trust at the core of my services.","og_url":"https:\/\/www.nickstroeger.com\/de\/impressum\/","og_site_name":"Nick Str\u00f8ger","article_modified_time":"2025-08-14T21:59:35+00:00","twitter_card":"summary_large_image","twitter_misc":{"Gesch\u00e4tzte Lesezeit":"4\u00a0Minuten"},"schema":{"@context":"https:\/\/schema.org","@graph":[{"@type":"WebPage","@id":"https:\/\/www.nickstroeger.com\/de\/impressum\/","url":"https:\/\/www.nickstroeger.com\/de\/impressum\/","name":"Imprint | Nick Str\u00f8ger","isPartOf":{"@id":"https:\/\/www.nickstroeger.com\/de\/#website"},"datePublished":"2024-08-05T23:08:20+00:00","dateModified":"2025-08-14T21:59:35+00:00","description":"Legal information and company details for my independent SEO consultant services. Transparency and trust at the core of my services.","breadcrumb":{"@id":"https:\/\/www.nickstroeger.com\/de\/impressum\/#breadcrumb"},"inLanguage":"de","potentialAction":[{"@type":"ReadAction","target":["https:\/\/www.nickstroeger.com\/de\/impressum\/"]}]},{"@type":"BreadcrumbList","@id":"https:\/\/www.nickstroeger.com\/de\/impressum\/#breadcrumb","itemListElement":[{"@type":"ListItem","position":1,"name":"Home","item":"https:\/\/www.nickstroeger.com\/de\/"},{"@type":"ListItem","position":2,"name":"Impressum"}]},{"@type":"WebSite","@id":"https:\/\/www.nickstroeger.com\/de\/#website","url":"https:\/\/www.nickstroeger.com\/de\/","name":"Nick Str\u00f8ger","description":"","publisher":{"@id":"https:\/\/www.nickstroeger.com\/de\/#organization"},"potentialAction":[{"@type":"SearchAction","target":{"@type":"EntryPoint","urlTemplate":"https:\/\/www.nickstroeger.com\/de\/?s={search_term_string}"},"query-input":{"@type":"PropertyValueSpecification","valueRequired":true,"valueName":"search_term_string"}}],"inLanguage":"de"},{"@type":"Organization","@id":"https:\/\/www.nickstroeger.com\/de\/#organization","name":"Nick Str\u00f8ger","url":"https:\/\/www.nickstroeger.com\/de\/","logo":{"@type":"ImageObject","inLanguage":"de","@id":"https:\/\/www.nickstroeger.com\/de\/#\/schema\/logo\/image\/","url":"https:\/\/www.nickstroeger.com\/wp-content\/uploads\/2024\/08\/cropped-nickstroeger-logo.png","contentUrl":"https:\/\/www.nickstroeger.com\/wp-content\/uploads\/2024\/08\/cropped-nickstroeger-logo.png","width":512,"height":512,"caption":"Nick Str\u00f8ger"},"image":{"@id":"https:\/\/www.nickstroeger.com\/de\/#\/schema\/logo\/image\/"}}]}},"_links":{"self":[{"href":"https:\/\/www.nickstroeger.com\/de\/wp-json\/wp\/v2\/pages\/1268","targetHints":{"allow":["GET"]}}],"collection":[{"href":"https:\/\/www.nickstroeger.com\/de\/wp-json\/wp\/v2\/pages"}],"about":[{"href":"https:\/\/www.nickstroeger.com\/de\/wp-json\/wp\/v2\/types\/page"}],"author":[{"embeddable":true,"href":"https:\/\/www.nickstroeger.com\/de\/wp-json\/wp\/v2\/users\/2"}],"replies":[{"embeddable":true,"href":"https:\/\/www.nickstroeger.com\/de\/wp-json\/wp\/v2\/comments?post=1268"}],"version-history":[{"count":7,"href":"https:\/\/www.nickstroeger.com\/de\/wp-json\/wp\/v2\/pages\/1268\/revisions"}],"predecessor-version":[{"id":1502,"href":"https:\/\/www.nickstroeger.com\/de\/wp-json\/wp\/v2\/pages\/1268\/revisions\/1502"}],"wp:attachment":[{"href":"https:\/\/www.nickstroeger.com\/de\/wp-json\/wp\/v2\/media?parent=1268"}],"curies":[{"name":"wp","href":"https:\/\/api.w.org\/{rel}","templated":true}]}}