{"id":1260,"date":"2024-08-04T17:58:14","date_gmt":"2024-08-04T17:58:14","guid":{"rendered":"http:\/\/nickstroeger.com\/contact\/"},"modified":"2024-09-19T21:46:29","modified_gmt":"2024-09-19T21:46:29","slug":"kontakt","status":"publish","type":"page","link":"https:\/\/www.nickstroeger.com\/de\/kontakt\/","title":{"rendered":"Kontakt"},"content":{"rendered":"\t\t<div data-elementor-type=\"wp-page\" data-elementor-id=\"1260\" class=\"elementor elementor-1260 elementor-113\" data-elementor-post-type=\"page\">\n\t\t\t\t\t\t<section class=\"elementor-section elementor-top-section elementor-element elementor-element-5fce1893 elementor-section-height-min-height elementor-section-boxed elementor-section-height-default elementor-section-items-middle\" data-id=\"5fce1893\" data-element_type=\"section\" data-e-type=\"section\" data-settings=\"{&quot;background_background&quot;:&quot;gradient&quot;,&quot;shape_divider_bottom&quot;:&quot;waves&quot;}\">\n\t\t\t\t\t\t\t<div class=\"elementor-background-overlay\"><\/div>\n\t\t\t\t\t\t<div class=\"elementor-shape elementor-shape-bottom\" aria-hidden=\"true\" data-negative=\"false\">\n\t\t\t<svg xmlns=\"http:\/\/www.w3.org\/2000\/svg\" viewBox=\"0 0 1000 100\" preserveAspectRatio=\"none\">\n\t<path class=\"elementor-shape-fill\" d=\"M421.9,6.5c22.6-2.5,51.5,0.4,75.5,5.3c23.6,4.9,70.9,23.5,100.5,35.7c75.8,32.2,133.7,44.5,192.6,49.7\n\tc23.6,2.1,48.7,3.5,103.4-2.5c54.7-6,106.2-25.6,106.2-25.6V0H0v30.3c0,0,72,32.6,158.4,30.5c39.2-0.7,92.8-6.7,134-22.4\n\tc21.2-8.1,52.2-18.2,79.7-24.2C399.3,7.9,411.6,7.5,421.9,6.5z\"\/>\n<\/svg>\t\t<\/div>\n\t\t\t\t\t<div class=\"elementor-container elementor-column-gap-default\">\n\t\t\t\t\t<div class=\"elementor-column elementor-col-100 elementor-top-column elementor-element elementor-element-6b49e161\" data-id=\"6b49e161\" data-element_type=\"column\" data-e-type=\"column\">\n\t\t\t<div class=\"elementor-widget-wrap elementor-element-populated\">\n\t\t\t\t\t\t<div class=\"elementor-element elementor-element-1507788c elementor-widget elementor-widget-heading\" data-id=\"1507788c\" data-element_type=\"widget\" data-e-type=\"widget\" data-widget_type=\"heading.default\">\n\t\t\t\t<div class=\"elementor-widget-container\">\n\t\t\t\t\t<h1 class=\"elementor-heading-title elementor-size-default\">Kontakt<\/h1>\t\t\t\t<\/div>\n\t\t\t\t<\/div>\n\t\t\t\t\t<\/div>\n\t\t<\/div>\n\t\t\t\t\t<\/div>\n\t\t<\/section>\n\t\t\t\t<section class=\"elementor-section elementor-top-section elementor-element elementor-element-5074ea27 elementor-reverse-tablet elementor-reverse-mobile elementor-section-boxed elementor-section-height-default elementor-section-height-default\" data-id=\"5074ea27\" data-element_type=\"section\" data-e-type=\"section\" id=\"form\" data-settings=\"{&quot;background_background&quot;:&quot;classic&quot;}\">\n\t\t\t\t\t\t\t<div class=\"elementor-background-overlay\"><\/div>\n\t\t\t\t\t\t\t<div class=\"elementor-container elementor-column-gap-default\">\n\t\t\t\t\t<div class=\"elementor-column elementor-col-50 elementor-top-column elementor-element elementor-element-68bc1e03\" data-id=\"68bc1e03\" data-element_type=\"column\" data-e-type=\"column\" data-settings=\"{&quot;background_background&quot;:&quot;classic&quot;,&quot;motion_fx_motion_fx_scrolling&quot;:&quot;yes&quot;,&quot;motion_fx_translateY_effect&quot;:&quot;yes&quot;,&quot;motion_fx_translateY_direction&quot;:&quot;negative&quot;,&quot;motion_fx_translateY_speed&quot;:{&quot;unit&quot;:&quot;px&quot;,&quot;size&quot;:&quot;1&quot;,&quot;sizes&quot;:[]},&quot;motion_fx_devices&quot;:[&quot;desktop&quot;,&quot;tablet&quot;],&quot;motion_fx_translateY_affectedRange&quot;:{&quot;unit&quot;:&quot;%&quot;,&quot;size&quot;:&quot;&quot;,&quot;sizes&quot;:{&quot;start&quot;:0,&quot;end&quot;:100}}}\">\n\t\t\t<div class=\"elementor-widget-wrap elementor-element-populated\">\n\t\t\t\t\t\t<div class=\"elementor-element elementor-element-10f8d211 elementor-button-align-end elementor-widget elementor-widget-form\" data-id=\"10f8d211\" data-element_type=\"widget\" data-e-type=\"widget\" data-settings=\"{&quot;step_next_label&quot;:&quot;Weiter&quot;,&quot;step_previous_label&quot;:&quot;Zur\\u00fcck&quot;,&quot;button_width&quot;:&quot;100&quot;,&quot;step_type&quot;:&quot;number_text&quot;,&quot;step_icon_shape&quot;:&quot;circle&quot;}\" data-widget_type=\"form.default\">\n\t\t\t\t<div class=\"elementor-widget-container\">\n\t\t\t\t\t\t\t<form class=\"elementor-form\" method=\"post\" name=\"Neues Formular\" aria-label=\"Neues Formular\">\n\t\t\t<input type=\"hidden\" name=\"post_id\" value=\"1260\"\/>\n\t\t\t<input type=\"hidden\" name=\"form_id\" value=\"10f8d211\"\/>\n\t\t\t<input type=\"hidden\" name=\"referer_title\" value=\"Kontakt | Nick Str\u00f8ger\" \/>\n\n\t\t\t\t\t\t\t<input type=\"hidden\" name=\"queried_id\" value=\"1260\"\/>\n\t\t\t\n\t\t\t<div class=\"elementor-form-fields-wrapper elementor-labels-\">\n\t\t\t\t\t\t\t\t<div class=\"elementor-field-type-text elementor-field-group elementor-column elementor-field-group-name elementor-col-100 elementor-field-required\">\n\t\t\t\t\t\t\t\t\t\t\t\t<label for=\"form-field-name\" class=\"elementor-field-label elementor-screen-only\">\n\t\t\t\t\t\t\t\tName\t\t\t\t\t\t\t<\/label>\n\t\t\t\t\t\t\t\t\t\t\t\t\t\t<input size=\"1\" type=\"text\" name=\"form_fields[name]\" id=\"form-field-name\" class=\"elementor-field elementor-size-md  elementor-field-textual\" placeholder=\"Name*\" required=\"required\">\n\t\t\t\t\t\t\t\t\t\t\t<\/div>\n\t\t\t\t\t\t\t\t<div class=\"elementor-field-type-email elementor-field-group elementor-column elementor-field-group-field_1 elementor-col-100 elementor-field-required\">\n\t\t\t\t\t\t\t\t\t\t\t\t<label for=\"form-field-field_1\" class=\"elementor-field-label elementor-screen-only\">\n\t\t\t\t\t\t\t\tE-Mail*\t\t\t\t\t\t\t<\/label>\n\t\t\t\t\t\t\t\t\t\t\t\t\t\t<input size=\"1\" type=\"email\" name=\"form_fields[field_1]\" id=\"form-field-field_1\" class=\"elementor-field elementor-size-md  elementor-field-textual\" placeholder=\"E-Mail*\" required=\"required\">\n\t\t\t\t\t\t\t\t\t\t\t<\/div>\n\t\t\t\t\t\t\t\t<div class=\"elementor-field-type-tel elementor-field-group elementor-column elementor-field-group-email elementor-col-100 elementor-field-required\">\n\t\t\t\t\t\t\t\t\t\t\t\t<label for=\"form-field-email\" class=\"elementor-field-label elementor-screen-only\">\n\t\t\t\t\t\t\t\tTelefon\t\t\t\t\t\t\t<\/label>\n\t\t\t\t\t\t\t\t<input size=\"1\" type=\"tel\" name=\"form_fields[email]\" id=\"form-field-email\" class=\"elementor-field elementor-size-md  elementor-field-textual\" placeholder=\"Telefon\" required=\"required\" pattern=\"[0-9()#&amp;+*-=.]+\" title=\"Nur Nummern oder Telefon-Zeichen (#, -, *, etc) werden akzeptiert.\">\n\n\t\t\t\t\t\t<\/div>\n\t\t\t\t\t\t\t\t<div class=\"elementor-field-type-textarea elementor-field-group elementor-column elementor-field-group-message elementor-col-100 elementor-field-required\">\n\t\t\t\t\t\t\t\t\t\t\t\t<label for=\"form-field-message\" class=\"elementor-field-label elementor-screen-only\">\n\t\t\t\t\t\t\t\tNachricht\t\t\t\t\t\t\t<\/label>\n\t\t\t\t\t\t<textarea class=\"elementor-field-textual elementor-field  elementor-size-md\" name=\"form_fields[message]\" id=\"form-field-message\" rows=\"4\" placeholder=\"Nachricht*\" required=\"required\"><\/textarea>\t\t\t\t<\/div>\n\t\t\t\t\t\t\t\t<div class=\"elementor-field-group elementor-column elementor-field-type-submit elementor-col-100 e-form__buttons\">\n\t\t\t\t\t<button class=\"elementor-button elementor-size-md\" type=\"submit\">\n\t\t\t\t\t\t<span class=\"elementor-button-content-wrapper\">\n\t\t\t\t\t\t\t\t\t\t\t\t\t\t\t<span class=\"elementor-button-icon\">\n\t\t\t\t\t\t\t\t\t<svg aria-hidden=\"true\" class=\"e-font-icon-svg e-fas-arrow-right\" viewBox=\"0 0 448 512\" xmlns=\"http:\/\/www.w3.org\/2000\/svg\"><path d=\"M190.5 66.9l22.2-22.2c9.4-9.4 24.6-9.4 33.9 0L441 239c9.4 9.4 9.4 24.6 0 33.9L246.6 467.3c-9.4 9.4-24.6 9.4-33.9 0l-22.2-22.2c-9.5-9.5-9.3-25 .4-34.3L311.4 296H24c-13.3 0-24-10.7-24-24v-32c0-13.3 10.7-24 24-24h287.4L190.9 101.2c-9.8-9.3-10-24.8-.4-34.3z\"><\/path><\/svg>\t\t\t\t\t\t\t\t\t\t\t\t\t\t\t\t\t<\/span>\n\t\t\t\t\t\t\t\t\t\t\t\t\t\t\t\t\t\t\t\t\t\t<span class=\"elementor-button-text\">Senden<\/span>\n\t\t\t\t\t\t\t\t\t\t\t\t\t<\/span>\n\t\t\t\t\t<\/button>\n\t\t\t\t<\/div>\n\t\t\t<\/div>\n\t\t<\/form>\n\t\t\t\t\t\t<\/div>\n\t\t\t\t<\/div>\n\t\t\t\t\t<\/div>\n\t\t<\/div>\n\t\t\t\t<div class=\"elementor-column elementor-col-50 elementor-top-column elementor-element elementor-element-3cf0e629\" data-id=\"3cf0e629\" data-element_type=\"column\" data-e-type=\"column\">\n\t\t\t<div class=\"elementor-widget-wrap elementor-element-populated\">\n\t\t\t\t\t\t<div class=\"elementor-element elementor-element-a63a421 elementor-widget elementor-widget-heading\" data-id=\"a63a421\" data-element_type=\"widget\" data-e-type=\"widget\" data-widget_type=\"heading.default\">\n\t\t\t\t<div class=\"elementor-widget-container\">\n\t\t\t\t\t<p class=\"elementor-heading-title elementor-size-default\">Ruft mich an, schreibt mir, oder klopft an meine T\u00fcr.<\/p>\t\t\t\t<\/div>\n\t\t\t\t<\/div>\n\t\t\t\t<div class=\"elementor-element elementor-element-4434eeed elementor-widget elementor-widget-heading\" data-id=\"4434eeed\" data-element_type=\"widget\" data-e-type=\"widget\" data-widget_type=\"heading.default\">\n\t\t\t\t<div class=\"elementor-widget-container\">\n\t\t\t\t\t<h2 class=\"elementor-heading-title elementor-size-default\">Ich w\u00fcrde mich freuen, euch zu treffen und alles \u00fcber euer Unternehmen zu erfahren.<\/h2>\t\t\t\t<\/div>\n\t\t\t\t<\/div>\n\t\t\t\t<div class=\"elementor-element elementor-element-20c3a177 elementor-widget elementor-widget-text-editor\" data-id=\"20c3a177\" data-element_type=\"widget\" data-e-type=\"widget\" data-widget_type=\"text-editor.default\">\n\t\t\t\t<div class=\"elementor-widget-container\">\n\t\t\t\t\t\t\t\t\t<p>Ich freue mich darauf, eure Ideen zu besprechen und zu erkunden, wie wir zusammenarbeiten k\u00f6nnen, um eure Vision zum Leben zu erwecken und eure Gesch\u00e4ftsziele erfolgreich zu erreichen.<\/p>\n\t\t\t\t\t\t\t\t<\/div>\n\t\t\t\t<\/div>\n\t\t\t\t\t<\/div>\n\t\t<\/div>\n\t\t\t\t\t<\/div>\n\t\t<\/section>\n\t\t\t\t<section class=\"elementor-section elementor-top-section elementor-element elementor-element-83af204 elementor-section-boxed elementor-section-height-default elementor-section-height-default\" data-id=\"83af204\" data-element_type=\"section\" data-e-type=\"section\" data-settings=\"{&quot;background_background&quot;:&quot;gradient&quot;,&quot;shape_divider_top&quot;:&quot;waves&quot;}\">\n\t\t\t\t\t\t\t<div class=\"elementor-background-overlay\"><\/div>\n\t\t\t\t\t\t<div class=\"elementor-shape elementor-shape-top\" aria-hidden=\"true\" data-negative=\"false\">\n\t\t\t<svg xmlns=\"http:\/\/www.w3.org\/2000\/svg\" viewBox=\"0 0 1000 100\" preserveAspectRatio=\"none\">\n\t<path class=\"elementor-shape-fill\" d=\"M421.9,6.5c22.6-2.5,51.5,0.4,75.5,5.3c23.6,4.9,70.9,23.5,100.5,35.7c75.8,32.2,133.7,44.5,192.6,49.7\n\tc23.6,2.1,48.7,3.5,103.4-2.5c54.7-6,106.2-25.6,106.2-25.6V0H0v30.3c0,0,72,32.6,158.4,30.5c39.2-0.7,92.8-6.7,134-22.4\n\tc21.2-8.1,52.2-18.2,79.7-24.2C399.3,7.9,411.6,7.5,421.9,6.5z\"\/>\n<\/svg>\t\t<\/div>\n\t\t\t\t\t<div class=\"elementor-container elementor-column-gap-default\">\n\t\t\t\t\t<div class=\"elementor-column elementor-col-50 elementor-top-column elementor-element elementor-element-1b94d51d\" data-id=\"1b94d51d\" data-element_type=\"column\" data-e-type=\"column\">\n\t\t\t<div class=\"elementor-widget-wrap elementor-element-populated\">\n\t\t\t\t\t\t<div class=\"elementor-element elementor-element-297a66c6 elementor-widget elementor-widget-heading\" data-id=\"297a66c6\" data-element_type=\"widget\" data-e-type=\"widget\" data-widget_type=\"heading.default\">\n\t\t\t\t<div class=\"elementor-widget-container\">\n\t\t\t\t\t<h2 class=\"elementor-heading-title elementor-size-default\">Habt ihr eine Frage zu meinen Dienstleistungen oder m\u00f6chtet ihr mehr \u00fcber SEO erfahren?<\/h2>\t\t\t\t<\/div>\n\t\t\t\t<\/div>\n\t\t\t\t<div class=\"elementor-element elementor-element-66e950ed elementor-widget elementor-widget-heading\" data-id=\"66e950ed\" data-element_type=\"widget\" data-e-type=\"widget\" data-widget_type=\"heading.default\">\n\t\t\t\t<div class=\"elementor-widget-container\">\n\t\t\t\t\t<p class=\"elementor-heading-title elementor-size-default\">Kontaktiert mich noch heute und vereinbart einen Gespr\u00e4chstermin!<\/p>\t\t\t\t<\/div>\n\t\t\t\t<\/div>\n\t\t\t\t<div class=\"elementor-element elementor-element-04cc99d elementor-mobile-align-center elementor-widget elementor-widget-global elementor-global-1347 elementor-global-850 elementor-widget-button\" data-id=\"04cc99d\" data-element_type=\"widget\" data-e-type=\"widget\" data-widget_type=\"button.default\">\n\t\t\t\t<div class=\"elementor-widget-container\">\n\t\t\t\t\t\t\t\t\t<div class=\"elementor-button-wrapper\">\n\t\t\t\t\t<a class=\"elementor-button elementor-button-link elementor-size-md\" href=\"https:\/\/calendly.com\/nickstroeger\/30min\" target=\"_blank\">\n\t\t\t\t\t\t<span class=\"elementor-button-content-wrapper\">\n\t\t\t\t\t\t<span class=\"elementor-button-icon\">\n\t\t\t\t<svg aria-hidden=\"true\" class=\"e-font-icon-svg e-fas-long-arrow-alt-right\" viewBox=\"0 0 448 512\" xmlns=\"http:\/\/www.w3.org\/2000\/svg\"><path d=\"M313.941 216H12c-6.627 0-12 5.373-12 12v56c0 6.627 5.373 12 12 12h301.941v46.059c0 21.382 25.851 32.09 40.971 16.971l86.059-86.059c9.373-9.373 9.373-24.569 0-33.941l-86.059-86.059c-15.119-15.119-40.971-4.411-40.971 16.971V216z\"><\/path><\/svg>\t\t\t<\/span>\n\t\t\t\t\t\t\t\t\t<span class=\"elementor-button-text\">Kostenloses Beratungsgespr\u00e4ch buchen<\/span>\n\t\t\t\t\t<\/span>\n\t\t\t\t\t<\/a>\n\t\t\t\t<\/div>\n\t\t\t\t\t\t\t\t<\/div>\n\t\t\t\t<\/div>\n\t\t\t\t\t<\/div>\n\t\t<\/div>\n\t\t\t\t<div class=\"elementor-column elementor-col-50 elementor-top-column elementor-element elementor-element-71fac565\" data-id=\"71fac565\" data-element_type=\"column\" data-e-type=\"column\">\n\t\t\t<div class=\"elementor-widget-wrap elementor-element-populated\">\n\t\t\t\t\t\t<div class=\"elementor-element elementor-element-7a31c6b8 elementor-widget elementor-widget-image\" data-id=\"7a31c6b8\" data-element_type=\"widget\" data-e-type=\"widget\" data-settings=\"{&quot;motion_fx_motion_fx_scrolling&quot;:&quot;yes&quot;,&quot;motion_fx_translateY_effect&quot;:&quot;yes&quot;,&quot;motion_fx_translateY_direction&quot;:&quot;negative&quot;,&quot;motion_fx_translateY_speed&quot;:{&quot;unit&quot;:&quot;px&quot;,&quot;size&quot;:&quot;1&quot;,&quot;sizes&quot;:[]},&quot;motion_fx_devices&quot;:[&quot;desktop&quot;,&quot;tablet&quot;],&quot;motion_fx_translateY_affectedRange&quot;:{&quot;unit&quot;:&quot;%&quot;,&quot;size&quot;:&quot;&quot;,&quot;sizes&quot;:{&quot;start&quot;:&quot;0&quot;,&quot;end&quot;:&quot;50&quot;}}}\" data-widget_type=\"image.default\">\n\t\t\t\t<div class=\"elementor-widget-container\">\n\t\t\t\t\t\t\t\t\t\t\t\t\t\t\t<img fetchpriority=\"high\" decoding=\"async\" width=\"1500\" height=\"1125\" src=\"https:\/\/www.nickstroeger.com\/wp-content\/uploads\/2024\/08\/ahrefs.jpg\" class=\"attachment-full size-full wp-image-718\" alt=\"\" srcset=\"https:\/\/www.nickstroeger.com\/wp-content\/uploads\/2024\/08\/ahrefs.jpg 1500w, https:\/\/www.nickstroeger.com\/wp-content\/uploads\/2024\/08\/ahrefs-300x225.jpg 300w, https:\/\/www.nickstroeger.com\/wp-content\/uploads\/2024\/08\/ahrefs-1024x768.jpg 1024w, https:\/\/www.nickstroeger.com\/wp-content\/uploads\/2024\/08\/ahrefs-768x576.jpg 768w\" sizes=\"(max-width: 1500px) 100vw, 1500px\" \/>\t\t\t\t\t\t\t\t\t\t\t\t\t\t\t<\/div>\n\t\t\t\t<\/div>\n\t\t\t\t\t<\/div>\n\t\t<\/div>\n\t\t\t\t\t<\/div>\n\t\t<\/section>\n\t\t\t\t<\/div>\n\t\t","protected":false},"excerpt":{"rendered":"<p>Kontakt Ruft mich an, schreibt mir, oder klopft an meine T\u00fcr. Ich w\u00fcrde mich freuen, euch zu treffen und alles \u00fcber euer Unternehmen zu erfahren. Ich freue mich darauf, eure Ideen zu besprechen und zu erkunden, wie wir zusammenarbeiten k\u00f6nnen, um eure Vision zum Leben zu erwecken und eure Gesch\u00e4ftsziele erfolgreich zu erreichen. Habt ihr [&hellip;]<\/p>\n","protected":false},"author":1,"featured_media":0,"parent":0,"menu_order":0,"comment_status":"closed","ping_status":"closed","template":"elementor_header_footer","meta":{"footnotes":""},"class_list":["post-1260","page","type-page","status-publish","hentry"],"yoast_head":"<!-- This site is optimized with the Yoast SEO plugin v26.7 - https:\/\/yoast.com\/wordpress\/plugins\/seo\/ -->\n<title>Kontakt | Nick Str\u00f8ger<\/title>\n<meta name=\"description\" content=\"Seid ihr bereit, euer SEO zu verbessern? Kontaktiert mich noch heute f\u00fcr ein pers\u00f6nliches Beratungsgespr\u00e4ch und startet eure Reise zu besseren Suchergebnissen.\" \/>\n<meta name=\"robots\" content=\"index, follow, max-snippet:-1, max-image-preview:large, max-video-preview:-1\" \/>\n<link rel=\"canonical\" href=\"https:\/\/www.nickstroeger.com\/de\/kontakt\/\" \/>\n<meta property=\"og:locale\" content=\"de_DE\" \/>\n<meta property=\"og:type\" content=\"article\" \/>\n<meta property=\"og:title\" content=\"Kontakt | Nick Str\u00f8ger\" \/>\n<meta property=\"og:description\" content=\"Seid ihr bereit, euer SEO zu verbessern? Kontaktiert mich noch heute f\u00fcr ein pers\u00f6nliches Beratungsgespr\u00e4ch und startet eure Reise zu besseren Suchergebnissen.\" \/>\n<meta property=\"og:url\" content=\"https:\/\/www.nickstroeger.com\/de\/kontakt\/\" \/>\n<meta property=\"og:site_name\" content=\"Nick Str\u00f8ger\" \/>\n<meta property=\"article:modified_time\" content=\"2024-09-19T21:46:29+00:00\" \/>\n<meta property=\"og:image\" content=\"http:\/\/nickstroeger.com\/wp-content\/uploads\/2024\/08\/ahrefs.jpg\" \/>\n<meta name=\"twitter:card\" content=\"summary_large_image\" \/>\n<meta name=\"twitter:label1\" content=\"Gesch\u00e4tzte Lesezeit\" \/>\n\t<meta name=\"twitter:data1\" content=\"1\u00a0Minute\" \/>\n<script type=\"application\/ld+json\" class=\"yoast-schema-graph\">{\"@context\":\"https:\/\/schema.org\",\"@graph\":[{\"@type\":\"WebPage\",\"@id\":\"https:\/\/www.nickstroeger.com\/de\/kontakt\/\",\"url\":\"https:\/\/www.nickstroeger.com\/de\/kontakt\/\",\"name\":\"Kontakt | Nick Str\u00f8ger\",\"isPartOf\":{\"@id\":\"https:\/\/www.nickstroeger.com\/de\/#website\"},\"primaryImageOfPage\":{\"@id\":\"https:\/\/www.nickstroeger.com\/de\/kontakt\/#primaryimage\"},\"image\":{\"@id\":\"https:\/\/www.nickstroeger.com\/de\/kontakt\/#primaryimage\"},\"thumbnailUrl\":\"http:\/\/nickstroeger.com\/wp-content\/uploads\/2024\/08\/ahrefs.jpg\",\"datePublished\":\"2024-08-04T17:58:14+00:00\",\"dateModified\":\"2024-09-19T21:46:29+00:00\",\"description\":\"Seid ihr bereit, euer SEO zu verbessern? Kontaktiert mich noch heute f\u00fcr ein pers\u00f6nliches Beratungsgespr\u00e4ch und startet eure Reise zu besseren Suchergebnissen.\",\"breadcrumb\":{\"@id\":\"https:\/\/www.nickstroeger.com\/de\/kontakt\/#breadcrumb\"},\"inLanguage\":\"de\",\"potentialAction\":[{\"@type\":\"ReadAction\",\"target\":[\"https:\/\/www.nickstroeger.com\/de\/kontakt\/\"]}]},{\"@type\":\"ImageObject\",\"inLanguage\":\"de\",\"@id\":\"https:\/\/www.nickstroeger.com\/de\/kontakt\/#primaryimage\",\"url\":\"http:\/\/nickstroeger.com\/wp-content\/uploads\/2024\/08\/ahrefs.jpg\",\"contentUrl\":\"http:\/\/nickstroeger.com\/wp-content\/uploads\/2024\/08\/ahrefs.jpg\"},{\"@type\":\"BreadcrumbList\",\"@id\":\"https:\/\/www.nickstroeger.com\/de\/kontakt\/#breadcrumb\",\"itemListElement\":[{\"@type\":\"ListItem\",\"position\":1,\"name\":\"Home\",\"item\":\"https:\/\/www.nickstroeger.com\/de\/\"},{\"@type\":\"ListItem\",\"position\":2,\"name\":\"Kontakt\"}]},{\"@type\":\"WebSite\",\"@id\":\"https:\/\/www.nickstroeger.com\/de\/#website\",\"url\":\"https:\/\/www.nickstroeger.com\/de\/\",\"name\":\"Nick Str\u00f8ger\",\"description\":\"\",\"publisher\":{\"@id\":\"https:\/\/www.nickstroeger.com\/de\/#organization\"},\"potentialAction\":[{\"@type\":\"SearchAction\",\"target\":{\"@type\":\"EntryPoint\",\"urlTemplate\":\"https:\/\/www.nickstroeger.com\/de\/?s={search_term_string}\"},\"query-input\":{\"@type\":\"PropertyValueSpecification\",\"valueRequired\":true,\"valueName\":\"search_term_string\"}}],\"inLanguage\":\"de\"},{\"@type\":\"Organization\",\"@id\":\"https:\/\/www.nickstroeger.com\/de\/#organization\",\"name\":\"Nick Str\u00f8ger\",\"url\":\"https:\/\/www.nickstroeger.com\/de\/\",\"logo\":{\"@type\":\"ImageObject\",\"inLanguage\":\"de\",\"@id\":\"https:\/\/www.nickstroeger.com\/de\/#\/schema\/logo\/image\/\",\"url\":\"https:\/\/www.nickstroeger.com\/wp-content\/uploads\/2024\/08\/cropped-nickstroeger-logo.png\",\"contentUrl\":\"https:\/\/www.nickstroeger.com\/wp-content\/uploads\/2024\/08\/cropped-nickstroeger-logo.png\",\"width\":512,\"height\":512,\"caption\":\"Nick Str\u00f8ger\"},\"image\":{\"@id\":\"https:\/\/www.nickstroeger.com\/de\/#\/schema\/logo\/image\/\"}}]}<\/script>\n<!-- \/ Yoast SEO plugin. -->","yoast_head_json":{"title":"Kontakt | Nick Str\u00f8ger","description":"Seid ihr bereit, euer SEO zu verbessern? Kontaktiert mich noch heute f\u00fcr ein pers\u00f6nliches Beratungsgespr\u00e4ch und startet eure Reise zu besseren Suchergebnissen.","robots":{"index":"index","follow":"follow","max-snippet":"max-snippet:-1","max-image-preview":"max-image-preview:large","max-video-preview":"max-video-preview:-1"},"canonical":"https:\/\/www.nickstroeger.com\/de\/kontakt\/","og_locale":"de_DE","og_type":"article","og_title":"Kontakt | Nick Str\u00f8ger","og_description":"Seid ihr bereit, euer SEO zu verbessern? Kontaktiert mich noch heute f\u00fcr ein pers\u00f6nliches Beratungsgespr\u00e4ch und startet eure Reise zu besseren Suchergebnissen.","og_url":"https:\/\/www.nickstroeger.com\/de\/kontakt\/","og_site_name":"Nick Str\u00f8ger","article_modified_time":"2024-09-19T21:46:29+00:00","og_image":[{"url":"http:\/\/nickstroeger.com\/wp-content\/uploads\/2024\/08\/ahrefs.jpg","type":"","width":"","height":""}],"twitter_card":"summary_large_image","twitter_misc":{"Gesch\u00e4tzte Lesezeit":"1\u00a0Minute"},"schema":{"@context":"https:\/\/schema.org","@graph":[{"@type":"WebPage","@id":"https:\/\/www.nickstroeger.com\/de\/kontakt\/","url":"https:\/\/www.nickstroeger.com\/de\/kontakt\/","name":"Kontakt | Nick Str\u00f8ger","isPartOf":{"@id":"https:\/\/www.nickstroeger.com\/de\/#website"},"primaryImageOfPage":{"@id":"https:\/\/www.nickstroeger.com\/de\/kontakt\/#primaryimage"},"image":{"@id":"https:\/\/www.nickstroeger.com\/de\/kontakt\/#primaryimage"},"thumbnailUrl":"http:\/\/nickstroeger.com\/wp-content\/uploads\/2024\/08\/ahrefs.jpg","datePublished":"2024-08-04T17:58:14+00:00","dateModified":"2024-09-19T21:46:29+00:00","description":"Seid ihr bereit, euer SEO zu verbessern? Kontaktiert mich noch heute f\u00fcr ein pers\u00f6nliches Beratungsgespr\u00e4ch und startet eure Reise zu besseren Suchergebnissen.","breadcrumb":{"@id":"https:\/\/www.nickstroeger.com\/de\/kontakt\/#breadcrumb"},"inLanguage":"de","potentialAction":[{"@type":"ReadAction","target":["https:\/\/www.nickstroeger.com\/de\/kontakt\/"]}]},{"@type":"ImageObject","inLanguage":"de","@id":"https:\/\/www.nickstroeger.com\/de\/kontakt\/#primaryimage","url":"http:\/\/nickstroeger.com\/wp-content\/uploads\/2024\/08\/ahrefs.jpg","contentUrl":"http:\/\/nickstroeger.com\/wp-content\/uploads\/2024\/08\/ahrefs.jpg"},{"@type":"BreadcrumbList","@id":"https:\/\/www.nickstroeger.com\/de\/kontakt\/#breadcrumb","itemListElement":[{"@type":"ListItem","position":1,"name":"Home","item":"https:\/\/www.nickstroeger.com\/de\/"},{"@type":"ListItem","position":2,"name":"Kontakt"}]},{"@type":"WebSite","@id":"https:\/\/www.nickstroeger.com\/de\/#website","url":"https:\/\/www.nickstroeger.com\/de\/","name":"Nick Str\u00f8ger","description":"","publisher":{"@id":"https:\/\/www.nickstroeger.com\/de\/#organization"},"potentialAction":[{"@type":"SearchAction","target":{"@type":"EntryPoint","urlTemplate":"https:\/\/www.nickstroeger.com\/de\/?s={search_term_string}"},"query-input":{"@type":"PropertyValueSpecification","valueRequired":true,"valueName":"search_term_string"}}],"inLanguage":"de"},{"@type":"Organization","@id":"https:\/\/www.nickstroeger.com\/de\/#organization","name":"Nick Str\u00f8ger","url":"https:\/\/www.nickstroeger.com\/de\/","logo":{"@type":"ImageObject","inLanguage":"de","@id":"https:\/\/www.nickstroeger.com\/de\/#\/schema\/logo\/image\/","url":"https:\/\/www.nickstroeger.com\/wp-content\/uploads\/2024\/08\/cropped-nickstroeger-logo.png","contentUrl":"https:\/\/www.nickstroeger.com\/wp-content\/uploads\/2024\/08\/cropped-nickstroeger-logo.png","width":512,"height":512,"caption":"Nick Str\u00f8ger"},"image":{"@id":"https:\/\/www.nickstroeger.com\/de\/#\/schema\/logo\/image\/"}}]}},"_links":{"self":[{"href":"https:\/\/www.nickstroeger.com\/de\/wp-json\/wp\/v2\/pages\/1260","targetHints":{"allow":["GET"]}}],"collection":[{"href":"https:\/\/www.nickstroeger.com\/de\/wp-json\/wp\/v2\/pages"}],"about":[{"href":"https:\/\/www.nickstroeger.com\/de\/wp-json\/wp\/v2\/types\/page"}],"author":[{"embeddable":true,"href":"https:\/\/www.nickstroeger.com\/de\/wp-json\/wp\/v2\/users\/1"}],"replies":[{"embeddable":true,"href":"https:\/\/www.nickstroeger.com\/de\/wp-json\/wp\/v2\/comments?post=1260"}],"version-history":[{"count":7,"href":"https:\/\/www.nickstroeger.com\/de\/wp-json\/wp\/v2\/pages\/1260\/revisions"}],"predecessor-version":[{"id":1346,"href":"https:\/\/www.nickstroeger.com\/de\/wp-json\/wp\/v2\/pages\/1260\/revisions\/1346"}],"wp:attachment":[{"href":"https:\/\/www.nickstroeger.com\/de\/wp-json\/wp\/v2\/media?parent=1260"}],"curies":[{"name":"wp","href":"https:\/\/api.w.org\/{rel}","templated":true}]}}